{"id":42186,"date":"2026-05-01T12:57:09","date_gmt":"2026-05-01T16:57:09","guid":{"rendered":"https:\/\/amacorprintz.com\/vetements-personnalises-simplifies-page-daccueil\/"},"modified":"2026-05-01T13:59:20","modified_gmt":"2026-05-01T17:59:20","slug":"vetements-personnalises-simplifies-page-daccueil","status":"publish","type":"page","link":"https:\/\/amacorprintz.com\/fr\/","title":{"rendered":"V\u00eatements personnalis\u00e9s simplifi\u00e9s &#8211; Page d\u2019accueil"},"content":{"rendered":"<style>.kb-row-layout-id42186_45d62b-a9 > .kt-row-column-wrap{align-content:start;}:where(.kb-row-layout-id42186_45d62b-a9 > .kt-row-column-wrap) > .wp-block-kadence-column{justify-content:start;}.kb-row-layout-id42186_45d62b-a9 > .kt-row-column-wrap{column-gap:var(--global-kb-gap-lg, 4rem);row-gap:var(--global-kb-gap-md, 2rem);max-width:80vw;margin-left:auto;margin-right:auto;padding-top:var(--global-kb-spacing-3xl, 6.5rem);padding-bottom:var(--global-kb-spacing-3xl, 6.5rem);min-height:90vh;grid-template-columns:minmax(0, 1fr) minmax(0, 2fr);}.kb-row-layout-id42186_45d62b-a9 > .kt-row-layout-overlay{opacity:0.20;mix-blend-mode:multiply;}@media all and (max-width: 1024px){.kb-row-layout-id42186_45d62b-a9 > .kt-row-column-wrap{max-width:80vw;margin-left:auto;margin-right:auto;grid-template-columns:minmax(0, 1fr);}}@media all and (max-width: 767px){.kb-row-layout-id42186_45d62b-a9 > .kt-row-column-wrap{max-width:89vw;margin-left:auto;margin-right:auto;padding-top:var(--global-kb-spacing-md, 2rem);padding-right:var(--global-kb-spacing-xs, 1rem);padding-bottom:var(--global-kb-spacing-md, 2rem);padding-left:var(--global-kb-spacing-xs, 1rem);grid-template-columns:minmax(0, 1fr);}}<\/style><div class=\"kb-row-layout-wrap kb-row-layout-id42186_45d62b-a9 alignfull has-theme-palette1-background-color kt-row-has-bg wp-block-kadence-rowlayout\"><div class=\"kt-row-column-wrap kt-has-2-columns kt-row-layout-right-golden kt-tab-layout-row kt-mobile-layout-row kt-row-valign-top\">\n<style>.kadence-column42186_0d23bb-f4 > .kt-inside-inner-col{display:flex;}.kadence-column42186_0d23bb-f4 > .kt-inside-inner-col,.kadence-column42186_0d23bb-f4 > .kt-inside-inner-col:before{border-top-left-radius:0px;border-top-right-radius:0px;border-bottom-right-radius:0px;border-bottom-left-radius:0px;}.kadence-column42186_0d23bb-f4 > .kt-inside-inner-col{column-gap:var(--global-kb-gap-sm, 1rem);}.kadence-column42186_0d23bb-f4 > .kt-inside-inner-col{flex-direction:column;justify-content:center;}.kadence-column42186_0d23bb-f4 > .kt-inside-inner-col > .aligncenter{width:100%;}.kt-row-column-wrap > .kadence-column42186_0d23bb-f4{align-self:center;}.kt-inner-column-height-full:not(.kt-has-1-columns) > .wp-block-kadence-column.kadence-column42186_0d23bb-f4{align-self:auto;}.kt-inner-column-height-full:not(.kt-has-1-columns) > .wp-block-kadence-column.kadence-column42186_0d23bb-f4 > .kt-inside-inner-col{flex-direction:column;justify-content:center;}.kadence-column42186_0d23bb-f4 > .kt-inside-inner-col:before{opacity:0.3;}.kadence-column42186_0d23bb-f4{position:relative;}@media all and (max-width: 1024px){.kt-row-column-wrap > .kadence-column42186_0d23bb-f4{align-self:center;}}@media all and (max-width: 1024px){.kt-inner-column-height-full:not(.kt-has-1-columns) > .wp-block-kadence-column.kadence-column42186_0d23bb-f4{align-self:auto;}}@media all and (max-width: 1024px){.kt-inner-column-height-full:not(.kt-has-1-columns) > .wp-block-kadence-column.kadence-column42186_0d23bb-f4 > .kt-inside-inner-col{flex-direction:column;justify-content:center;}}@media all and (max-width: 1024px){.kadence-column42186_0d23bb-f4 > .kt-inside-inner-col{flex-direction:column;justify-content:center;align-items:center;}}@media all and (max-width: 767px){.kt-row-column-wrap > .kadence-column42186_0d23bb-f4{align-self:center;}.kt-inner-column-height-full:not(.kt-has-1-columns) > .wp-block-kadence-column.kadence-column42186_0d23bb-f4{align-self:auto;}.kt-inner-column-height-full:not(.kt-has-1-columns) > .wp-block-kadence-column.kadence-column42186_0d23bb-f4 > .kt-inside-inner-col{flex-direction:column;justify-content:center;}.kadence-column42186_0d23bb-f4 > .kt-inside-inner-col{flex-direction:column;justify-content:center;align-items:center;}}<\/style>\n<div class=\"wp-block-kadence-column kadence-column42186_0d23bb-f4\"><div class=\"kt-inside-inner-col\"><style>.kb-image42186_36c955-1e .kb-image-has-overlay:after{opacity:0.3;border-top-left-radius:5px;border-top-right-radius:5px;border-bottom-right-radius:5px;border-bottom-left-radius:5px;}.kb-image42186_36c955-1e img.kb-img, .kb-image42186_36c955-1e .kb-img img{border-top-left-radius:5px;border-top-right-radius:5px;border-bottom-right-radius:5px;border-bottom-left-radius:5px;}<\/style>\n<figure class=\"wp-block-kadence-image kb-image42186_36c955-1e size-large\"><img alt=\"\" loading=\"lazy\" decoding=\"async\" width=\"943\" height=\"1024\" src=\"https:\/\/amacorprintz.com\/wp-content\/uploads\/2026\/05\/FR-SOMETHING-IS-IN-THE-WORKS-MAINTENANCE-943x1024.png\" alt=\"\" class=\"kb-img wp-image-42195\" srcset=\"https:\/\/amacorprintz.com\/wp-content\/uploads\/2026\/05\/FR-SOMETHING-IS-IN-THE-WORKS-MAINTENANCE-943x1024.png 943w, https:\/\/amacorprintz.com\/wp-content\/uploads\/2026\/05\/FR-SOMETHING-IS-IN-THE-WORKS-MAINTENANCE-276x300.png 276w, https:\/\/amacorprintz.com\/wp-content\/uploads\/2026\/05\/FR-SOMETHING-IS-IN-THE-WORKS-MAINTENANCE-768x834.png 768w, https:\/\/amacorprintz.com\/wp-content\/uploads\/2026\/05\/FR-SOMETHING-IS-IN-THE-WORKS-MAINTENANCE.png 1000w\" sizes=\"auto, (max-width: 943px) 100vw, 943px\" \/><\/figure>\n<\/div><\/div>\n\n\n<style>.kadence-column42186_0361c9-54 > .kt-inside-inner-col{display:flex;}.kadence-column42186_0361c9-54 > .kt-inside-inner-col,.kadence-column42186_0361c9-54 > .kt-inside-inner-col:before{border-top-left-radius:0px;border-top-right-radius:0px;border-bottom-right-radius:0px;border-bottom-left-radius:0px;}.kadence-column42186_0361c9-54 > .kt-inside-inner-col{column-gap:var(--global-kb-gap-sm, 1rem);}.kadence-column42186_0361c9-54 > .kt-inside-inner-col{flex-direction:column;justify-content:center;}.kadence-column42186_0361c9-54 > .kt-inside-inner-col > .aligncenter{width:100%;}.kt-row-column-wrap > .kadence-column42186_0361c9-54{align-self:center;}.kt-inner-column-height-full:not(.kt-has-1-columns) > .wp-block-kadence-column.kadence-column42186_0361c9-54{align-self:auto;}.kt-inner-column-height-full:not(.kt-has-1-columns) > .wp-block-kadence-column.kadence-column42186_0361c9-54 > .kt-inside-inner-col{flex-direction:column;justify-content:center;}.kadence-column42186_0361c9-54 > .kt-inside-inner-col:before{opacity:0.3;}.kadence-column42186_0361c9-54{position:relative;}@media all and (max-width: 1024px){.kt-row-column-wrap > .kadence-column42186_0361c9-54{align-self:center;}}@media all and (max-width: 1024px){.kt-inner-column-height-full:not(.kt-has-1-columns) > .wp-block-kadence-column.kadence-column42186_0361c9-54{align-self:auto;}}@media all and (max-width: 1024px){.kt-inner-column-height-full:not(.kt-has-1-columns) > .wp-block-kadence-column.kadence-column42186_0361c9-54 > .kt-inside-inner-col{flex-direction:column;justify-content:center;}}@media all and (max-width: 1024px){.kadence-column42186_0361c9-54 > .kt-inside-inner-col{flex-direction:column;justify-content:center;}}@media all and (max-width: 767px){.kadence-column42186_0361c9-54 > .kt-inside-inner-col{padding-top:0px;padding-right:0px;padding-bottom:0px;padding-left:0px;flex-direction:column;justify-content:center;}.kt-row-column-wrap > .kadence-column42186_0361c9-54{align-self:center;}.kt-inner-column-height-full:not(.kt-has-1-columns) > .wp-block-kadence-column.kadence-column42186_0361c9-54{align-self:auto;}.kt-inner-column-height-full:not(.kt-has-1-columns) > .wp-block-kadence-column.kadence-column42186_0361c9-54 > .kt-inside-inner-col{flex-direction:column;justify-content:center;}.kadence-column42186_0361c9-54, .kt-inside-inner-col > .kadence-column42186_0361c9-54:not(.specificity){margin-top:0px;margin-right:0px;margin-bottom:0px;margin-left:0px;}}<\/style>\n<div class=\"wp-block-kadence-column kadence-column42186_0361c9-54 inner-column-1\"><div class=\"kt-inside-inner-col\"><style>.wp-block-kadence-advancedheading.kt-adv-heading42186_ce85b0-b5, .wp-block-kadence-advancedheading.kt-adv-heading42186_ce85b0-b5[data-kb-block=\"kb-adv-heading42186_ce85b0-b5\"]{margin-top:var(--global-kb-spacing-xs, 1rem);margin-bottom:var(--global-kb-spacing-sm, 1.5rem);text-align:center;line-height:1.1;font-style:normal;}.wp-block-kadence-advancedheading.kt-adv-heading42186_ce85b0-b5 mark.kt-highlight, .wp-block-kadence-advancedheading.kt-adv-heading42186_ce85b0-b5[data-kb-block=\"kb-adv-heading42186_ce85b0-b5\"] mark.kt-highlight{font-style:normal;color:#f76a0c;-webkit-box-decoration-break:clone;box-decoration-break:clone;padding-top:0px;padding-right:0px;padding-bottom:0px;padding-left:0px;}.wp-block-kadence-advancedheading.kt-adv-heading42186_ce85b0-b5 img.kb-inline-image, .wp-block-kadence-advancedheading.kt-adv-heading42186_ce85b0-b5[data-kb-block=\"kb-adv-heading42186_ce85b0-b5\"] img.kb-inline-image{width:150px;vertical-align:baseline;}@media all and (max-width: 1024px){.wp-block-kadence-advancedheading.kt-adv-heading42186_ce85b0-b5, .wp-block-kadence-advancedheading.kt-adv-heading42186_ce85b0-b5[data-kb-block=\"kb-adv-heading42186_ce85b0-b5\"]{font-size:var(--global-kb-font-size-lg, 2rem);}}@media all and (max-width: 767px){.wp-block-kadence-advancedheading.kt-adv-heading42186_ce85b0-b5, .wp-block-kadence-advancedheading.kt-adv-heading42186_ce85b0-b5[data-kb-block=\"kb-adv-heading42186_ce85b0-b5\"]{font-size:var(--global-kb-font-size-md, 1.25rem);}}<\/style>\n<h2 class=\"kt-adv-heading42186_ce85b0-b5 wp-block-kadence-advancedheading has-theme-palette-9-color has-text-color\" data-kb-block=\"kb-adv-heading42186_ce85b0-b5\">NOUS TRAVAILLONS ACTUELLEMENT D\u2019ARRACHE-PIED POUR CR\u00c9ER UNE EXP\u00c9RIENCE AM\u00c9LIOR\u00c9E.<\/h2>\n\n\n<style>.wp-block-kadence-advancedheading.kt-adv-heading42186_b06c9a-ad, .wp-block-kadence-advancedheading.kt-adv-heading42186_b06c9a-ad[data-kb-block=\"kb-adv-heading42186_b06c9a-ad\"]{margin-top:var(--global-kb-spacing-xs, 1rem);margin-bottom:var(--global-kb-spacing-sm, 1.5rem);text-align:center;line-height:1.1;font-style:normal;}.wp-block-kadence-advancedheading.kt-adv-heading42186_b06c9a-ad mark.kt-highlight, .wp-block-kadence-advancedheading.kt-adv-heading42186_b06c9a-ad[data-kb-block=\"kb-adv-heading42186_b06c9a-ad\"] mark.kt-highlight{font-style:normal;color:#f76a0c;-webkit-box-decoration-break:clone;box-decoration-break:clone;padding-top:0px;padding-right:0px;padding-bottom:0px;padding-left:0px;}.wp-block-kadence-advancedheading.kt-adv-heading42186_b06c9a-ad img.kb-inline-image, .wp-block-kadence-advancedheading.kt-adv-heading42186_b06c9a-ad[data-kb-block=\"kb-adv-heading42186_b06c9a-ad\"] img.kb-inline-image{width:150px;vertical-align:baseline;}@media all and (max-width: 1024px){.wp-block-kadence-advancedheading.kt-adv-heading42186_b06c9a-ad, .wp-block-kadence-advancedheading.kt-adv-heading42186_b06c9a-ad[data-kb-block=\"kb-adv-heading42186_b06c9a-ad\"]{font-size:var(--global-kb-font-size-lg, 2rem);}}@media all and (max-width: 767px){.wp-block-kadence-advancedheading.kt-adv-heading42186_b06c9a-ad, .wp-block-kadence-advancedheading.kt-adv-heading42186_b06c9a-ad[data-kb-block=\"kb-adv-heading42186_b06c9a-ad\"]{font-size:var(--global-kb-font-size-md, 1.25rem);}}<\/style>\n<h3 class=\"kt-adv-heading42186_b06c9a-ad wp-block-kadence-advancedheading has-theme-palette-9-color has-text-color\" data-kb-block=\"kb-adv-heading42186_b06c9a-ad\">POUR LES PRIX OU LES DEVIS, VEUILLEZ<\/h3>\n\n\n<style>.wp-block-kadence-advancedheading.kt-adv-heading42186_f575c4-5b, .wp-block-kadence-advancedheading.kt-adv-heading42186_f575c4-5b[data-kb-block=\"kb-adv-heading42186_f575c4-5b\"]{margin-top:var(--global-kb-spacing-xs, 1rem);margin-bottom:var(--global-kb-spacing-sm, 1.5rem);text-align:center;font-size:4em;line-height:1.1;font-style:normal;}.wp-block-kadence-advancedheading.kt-adv-heading42186_f575c4-5b mark.kt-highlight, .wp-block-kadence-advancedheading.kt-adv-heading42186_f575c4-5b[data-kb-block=\"kb-adv-heading42186_f575c4-5b\"] mark.kt-highlight{font-style:normal;color:#f76a0c;-webkit-box-decoration-break:clone;box-decoration-break:clone;padding-top:0px;padding-right:0px;padding-bottom:0px;padding-left:0px;}.wp-block-kadence-advancedheading.kt-adv-heading42186_f575c4-5b img.kb-inline-image, .wp-block-kadence-advancedheading.kt-adv-heading42186_f575c4-5b[data-kb-block=\"kb-adv-heading42186_f575c4-5b\"] img.kb-inline-image{width:150px;vertical-align:baseline;}@media all and (max-width: 767px){.wp-block-kadence-advancedheading.kt-adv-heading42186_f575c4-5b, .wp-block-kadence-advancedheading.kt-adv-heading42186_f575c4-5b[data-kb-block=\"kb-adv-heading42186_f575c4-5b\"]{font-size:var(--global-kb-font-size-lg, 2rem);}}<\/style>\n<h2 class=\"kt-adv-heading42186_f575c4-5b wp-block-kadence-advancedheading has-theme-palette-9-color has-text-color\" data-kb-block=\"kb-adv-heading42186_f575c4-5b\">NOUS CONTACTER<\/h2>\n\n\n<style>.wp-block-kadence-advancedheading.kt-adv-heading42186_e23ee3-e6, .wp-block-kadence-advancedheading.kt-adv-heading42186_e23ee3-e6[data-kb-block=\"kb-adv-heading42186_e23ee3-e6\"]{text-align:center;font-size:var(--global-kb-font-size-md, 1.25rem);font-style:normal;}.wp-block-kadence-advancedheading.kt-adv-heading42186_e23ee3-e6 mark.kt-highlight, .wp-block-kadence-advancedheading.kt-adv-heading42186_e23ee3-e6[data-kb-block=\"kb-adv-heading42186_e23ee3-e6\"] mark.kt-highlight{font-style:normal;color:#f76a0c;-webkit-box-decoration-break:clone;box-decoration-break:clone;padding-top:0px;padding-right:0px;padding-bottom:0px;padding-left:0px;}.wp-block-kadence-advancedheading.kt-adv-heading42186_e23ee3-e6 img.kb-inline-image, .wp-block-kadence-advancedheading.kt-adv-heading42186_e23ee3-e6[data-kb-block=\"kb-adv-heading42186_e23ee3-e6\"] img.kb-inline-image{width:150px;vertical-align:baseline;}@media all and (max-width: 767px){.wp-block-kadence-advancedheading.kt-adv-heading42186_e23ee3-e6, .wp-block-kadence-advancedheading.kt-adv-heading42186_e23ee3-e6[data-kb-block=\"kb-adv-heading42186_e23ee3-e6\"]{font-size:var(--global-kb-font-size-sm, 0.9rem);}}<\/style>\n<p class=\"kt-adv-heading42186_e23ee3-e6 wp-block-kadence-advancedheading has-theme-palette-8-color has-text-color\" data-kb-block=\"kb-adv-heading42186_e23ee3-e6\">T\u00c9L\u00c9PHONE &#8211; 514-277-9227<br>COURRIEL &#8211; INFO@AMACORPRINTZ.COM<\/p>\n<\/div><\/div>\n\n<\/div><\/div>","protected":false},"excerpt":{"rendered":"<p>NOUS TRAVAILLONS ACTUELLEMENT D\u2019ARRACHE-PIED POUR CR\u00c9ER UNE EXP\u00c9RIENCE AM\u00c9LIOR\u00c9E. POUR LES PRIX OU LES DEVIS, VEUILLEZ NOUS CONTACTER T\u00c9L\u00c9PHONE &#8211; 514-277-9227COURRIEL &#8211; INFO@AMACORPRINTZ.COM<\/p>\n","protected":false},"author":1569,"featured_media":0,"parent":0,"menu_order":0,"comment_status":"closed","ping_status":"closed","template":"","meta":{"_acf_changed":false,"_seopress_robots_primary_cat":"","_seopress_titles_title":"%%sitetitle%% %%sep%% %%post_title%%","_seopress_titles_desc":"","_seopress_robots_index":"yes","_kb_optimizer_status":1,"_kad_blocks_custom_css":"","_kad_blocks_head_custom_js":"","_kad_blocks_body_custom_js":"","_kad_blocks_footer_custom_js":"","_kad_post_transparent":"","_kad_post_title":"","_kad_post_layout":"fullwidth","_kad_post_sidebar_id":"","_kad_post_content_style":"","_kad_post_vertical_padding":"","_kad_post_feature":"","_kad_post_feature_position":"","_kad_post_header":false,"_kad_post_footer":false,"_kad_post_classname":"","footnotes":""},"class_list":["post-42186","page","type-page","status-publish","hentry"],"acf":[],"taxonomy_info":[],"featured_image_src_large":false,"author_info":{"display_name":"Dan Lavie","author_link":"https:\/\/amacorprintz.com\/fr\/author\/pixel-9370\/"},"comment_info":0,"_links":{"self":[{"href":"https:\/\/amacorprintz.com\/fr\/wp-json\/wp\/v2\/pages\/42186","targetHints":{"allow":["GET"]}}],"collection":[{"href":"https:\/\/amacorprintz.com\/fr\/wp-json\/wp\/v2\/pages"}],"about":[{"href":"https:\/\/amacorprintz.com\/fr\/wp-json\/wp\/v2\/types\/page"}],"author":[{"embeddable":true,"href":"https:\/\/amacorprintz.com\/fr\/wp-json\/wp\/v2\/users\/1569"}],"replies":[{"embeddable":true,"href":"https:\/\/amacorprintz.com\/fr\/wp-json\/wp\/v2\/comments?post=42186"}],"version-history":[{"count":7,"href":"https:\/\/amacorprintz.com\/fr\/wp-json\/wp\/v2\/pages\/42186\/revisions"}],"predecessor-version":[{"id":42196,"href":"https:\/\/amacorprintz.com\/fr\/wp-json\/wp\/v2\/pages\/42186\/revisions\/42196"}],"wp:attachment":[{"href":"https:\/\/amacorprintz.com\/fr\/wp-json\/wp\/v2\/media?parent=42186"}],"curies":[{"name":"wp","href":"https:\/\/api.w.org\/{rel}","templated":true}]}}