{"id":40564,"date":"2025-12-19T15:14:32","date_gmt":"2025-12-19T20:14:32","guid":{"rendered":"https:\/\/amacorprintz.com\/?page_id=40564"},"modified":"2026-04-14T21:27:43","modified_gmt":"2026-04-15T01:27:43","slug":"grafikexperts-fusionne-avec-amacorprintz","status":"publish","type":"page","link":"https:\/\/amacorprintz.com\/fr\/grafikexperts-fusionne-avec-amacorprintz\/","title":{"rendered":"GrafikExperts fusionne avec AmacorPrintz"},"content":{"rendered":"<style>.kb-image40564_fb0b1a-0c.kb-image-is-ratio-size, .kb-image40564_fb0b1a-0c .kb-image-is-ratio-size{max-width:655px;width:100%;}.wp-block-kadence-column > .kt-inside-inner-col > .kb-image40564_fb0b1a-0c.kb-image-is-ratio-size, .wp-block-kadence-column > .kt-inside-inner-col > .kb-image40564_fb0b1a-0c .kb-image-is-ratio-size{align-self:unset;}.kb-image40564_fb0b1a-0c{max-width:655px;}.image-is-svg.kb-image40564_fb0b1a-0c{-webkit-flex:0 1 100%;flex:0 1 100%;}.image-is-svg.kb-image40564_fb0b1a-0c img{width:100%;}.kb-image40564_fb0b1a-0c .kb-image-has-overlay:after{opacity:0.3;}<\/style>\n<figure class=\"wp-block-kadence-image kb-image40564_fb0b1a-0c size-large\"><img alt=\"\" loading=\"lazy\" decoding=\"async\" width=\"1024\" height=\"536\" src=\"https:\/\/amacorprintz.com\/wp-content\/uploads\/2025\/12\/GE-Closing-2025-1024x536.jpg\" alt=\"\" class=\"kb-img wp-image-40560\" srcset=\"https:\/\/amacorprintz.com\/wp-content\/uploads\/2025\/12\/GE-Closing-2025-1024x536.jpg 1024w, https:\/\/amacorprintz.com\/wp-content\/uploads\/2025\/12\/GE-Closing-2025-300x157.jpg 300w, https:\/\/amacorprintz.com\/wp-content\/uploads\/2025\/12\/GE-Closing-2025-768x402.jpg 768w, https:\/\/amacorprintz.com\/wp-content\/uploads\/2025\/12\/GE-Closing-2025.jpg 1200w\" sizes=\"auto, (max-width: 1024px) 100vw, 1024px\" \/><\/figure>\n\n\n<style>.wp-block-kadence-advancedheading.kt-adv-heading40564_52b047-77, .wp-block-kadence-advancedheading.kt-adv-heading40564_52b047-77[data-kb-block=\"kb-adv-heading40564_52b047-77\"]{font-style:normal;}.wp-block-kadence-advancedheading.kt-adv-heading40564_52b047-77 mark.kt-highlight, .wp-block-kadence-advancedheading.kt-adv-heading40564_52b047-77[data-kb-block=\"kb-adv-heading40564_52b047-77\"] mark.kt-highlight{font-style:normal;color:#f76a0c;-webkit-box-decoration-break:clone;box-decoration-break:clone;padding-top:0px;padding-right:0px;padding-bottom:0px;padding-left:0px;}.wp-block-kadence-advancedheading.kt-adv-heading40564_52b047-77 img.kb-inline-image, .wp-block-kadence-advancedheading.kt-adv-heading40564_52b047-77[data-kb-block=\"kb-adv-heading40564_52b047-77\"] img.kb-inline-image{width:150px;vertical-align:baseline;}<\/style>\n<h1 class=\"kt-adv-heading40564_52b047-77 wp-block-kadence-advancedheading\" data-kb-block=\"kb-adv-heading40564_52b047-77\"><strong>Bienvenue \u00e0 la prochaine \u00e9tape de notre parcours.<\/strong><\/h1>\n\n\n\n<p>Nous sommes ravis de vous faire part d&rsquo;une importante mise \u00e0 jour concernant GrafikExperts et la mani\u00e8re dont nous continuerons \u00e0 vous servir.<\/p>\n\n\n\n<h2 class=\"wp-block-heading\"><strong>Grafik Experts  fusionnera avec AmacorPrintz le 31 d\u00e9cembre 2025.<\/strong><\/h2>\n\n\n\n<p>Au <strong>31 d\u00e9cembre 2025<\/strong>, <strong>Grafik Experts fusionnera officiellement avec AmacorPrintz<\/strong>.<br>Cela signifie que tous les produits, services et assistance seront regroup\u00e9s au sein d&rsquo;une seule plateforme am\u00e9lior\u00e9e :<\/p>\n\n\n\n<h3 class=\"wp-block-heading\">&#x1f449; <strong><a href=\"https:\/\/amacorprintz.com\/fr\/\">AmacorPrintz.com<\/a><\/strong><\/h3>\n\n\n\n<hr class=\"wp-block-separator has-alpha-channel-opacity\"\/>\n\n\n\n<h2 class=\"wp-block-heading\"><strong>Tout ce en quoi vous avez confiance \u2014 d\u00e9sormais en un seul endroit<\/strong><\/h2>\n\n\n\n<p>Tous les produits que vous commandiez chez GrafikExperts sont d\u00e9sormais disponibles chez AmacorPrintz, notamment :<\/p>\n\n\n\n<ul class=\"wp-block-list\">\n<li><strong>\u00c9cussons<\/strong> personnalis\u00e9s<\/li>\n\n\n\n<li><strong>\u00c9tiquettes<\/strong><\/li>\n\n\n\n<li><strong>Transfers imprim\u00e9s<\/strong> (DTF, DTV, transfers s\u00e9rigraphi\u00e9s)<\/li>\n\n\n\n<li><strong>Transfers HTV<\/strong><\/li>\n\n\n\n<li>Produits et fournitures en <strong>vinyle<\/strong><\/li>\n<\/ul>\n\n\n\n<p>M\u00eame qualit\u00e9. M\u00eames normes de production. Capacit\u00e9s \u00e9tendues.<\/p>\n\n\n\n<hr class=\"wp-block-separator has-alpha-channel-opacity\"\/>\n\n\n\n<h2 class=\"wp-block-heading\"><strong>Ce que cela signifie pour vous<\/strong><\/h2>\n\n\n\n<p>Cette fusion nous permet de :<\/p>\n\n\n\n<ul class=\"wp-block-list\">\n<li>Rationaliser les commandes et la production.<\/li>\n\n\n\n<li>\u00c9largir les options de produits et les services.<\/li>\n\n\n\n<li>Am\u00e9liorer les d\u00e9lais d&rsquo;ex\u00e9cution.<\/li>\n\n\n\n<li>Fournir un meilleur soutien \u00e0 long terme.<\/li>\n<\/ul>\n\n\n\n<p>Au lieu de g\u00e9rer plusieurs sites, tout sera d\u00e9sormais regroup\u00e9 sous une seule marque, une seule plateforme et une seule \u00e9quipe.<\/p>\n\n\n\n<hr class=\"wp-block-separator has-alpha-channel-opacity\"\/>\n\n\n\n<h2 class=\"wp-block-heading\"><strong>Commandes et comptes existants<\/strong><\/h2>\n\n\n\n<p>Toutes les commandes GrafikExperts en cours continueront d&rsquo;\u00eatre trait\u00e9es normalement jusqu&rsquo;au <strong>31 d\u00e9cembre 2025<\/strong>.<\/p>\n\n\n\n<p>Apr\u00e8s la fusion,<strong> toutes les nouvelles commandes et le service client seront exclusivement g\u00e9r\u00e9s par AmacorPrintz.com.<\/strong><\/p>\n\n\n\n<hr class=\"wp-block-separator has-alpha-channel-opacity\"\/>\n\n\n\n<h2 class=\"wp-block-heading\"><strong>Pourquoi nous fusionnons<\/strong><\/h2>\n\n\n\n<p>En int\u00e9grant GrafikExperts \u00e0 AmacorPrintz, nous pouvons :<\/p>\n\n\n\n<ul class=\"wp-block-list\">\n<li>Concentrer les ressources sur l&rsquo;innovation et la fiabilit\u00e9.<\/li>\n\n\n\n<li>Offrir une meilleure exp\u00e9rience client.<\/li>\n\n\n\n<li>Soutenir plus efficacement nos partenaires revendeurs et d\u00e9corateurs.<\/li>\n<\/ul>\n\n\n\n<p>Ce changement nous permet de mieux vous servir, aujourd&rsquo;hui et \u00e0 l&rsquo;avenir.<\/p>\n\n\n\n<hr class=\"wp-block-separator has-alpha-channel-opacity\"\/>\n\n\n\n<h2 class=\"wp-block-heading\"><strong>Ce que vous devez faire ensuite<\/strong><\/h2>\n\n\n\n<p>Commencez d\u00e8s aujourd&rsquo;hui \u00e0 visiter notre site principal et \u00e0 passer commande :<\/p>\n\n\n\n<h3 class=\"wp-block-heading\">&#x1f449; <strong><a href=\"https:\/\/amacorprintz.com\/fr\/\">AmacorPrintz.com<\/a><\/strong><\/h3>\n\n\n\n<p>Nous vous recommandons d&rsquo;ajouter le site \u00e0 vos favoris afin de garantir un acc\u00e8s ininterrompu aux produits et services.<\/p>\n\n\n\n<hr class=\"wp-block-separator has-alpha-channel-opacity\"\/>\n\n\n\n<h2 class=\"wp-block-heading\"><strong>Nous sommes l\u00e0 pour vous aider<\/strong><\/h2>\n\n\n\n<p>Si vous avez des questions concernant la fusion ou si vous avez besoin d&rsquo;aide pour la transition, notre \u00e9quipe est \u00e0 votre disposition pour vous aider.<\/p>\n\n\n\n<hr class=\"wp-block-separator has-alpha-channel-opacity\"\/>\n\n\n\n<p>Merci de faire partie de la communaut\u00e9 GrafikExperts.<br>Nous sommes impatients de poursuivre notre partenariat, plus solide que jamais, sur <strong>AmacorPrintz.com.<\/strong><\/p>\n","protected":false},"excerpt":{"rendered":"<p>Bienvenue \u00e0 la prochaine \u00e9tape de notre parcours. Nous sommes ravis de vous faire part d&rsquo;une importante mise \u00e0 jour concernant GrafikExperts et la mani\u00e8re dont nous continuerons \u00e0 vous servir. Grafik Experts fusionnera avec AmacorPrintz le 31 d\u00e9cembre 2025. Au 31 d\u00e9cembre 2025, Grafik Experts fusionnera officiellement avec AmacorPrintz.Cela signifie que tous les produits,&#8230;<\/p>\n","protected":false},"author":1595,"featured_media":0,"parent":0,"menu_order":0,"comment_status":"closed","ping_status":"closed","template":"","meta":{"_acf_changed":false,"_seopress_robots_primary_cat":"","_seopress_titles_title":"","_seopress_titles_desc":"","_seopress_robots_index":"","_kb_optimizer_status":2,"_kad_blocks_custom_css":"","_kad_blocks_head_custom_js":"","_kad_blocks_body_custom_js":"","_kad_blocks_footer_custom_js":"","_kad_post_transparent":"","_kad_post_title":"","_kad_post_layout":"","_kad_post_sidebar_id":"","_kad_post_content_style":"","_kad_post_vertical_padding":"","_kad_post_feature":"","_kad_post_feature_position":"","_kad_post_header":false,"_kad_post_footer":false,"_kad_post_classname":"","footnotes":""},"class_list":["post-40564","page","type-page","status-publish","hentry"],"acf":[],"taxonomy_info":[],"featured_image_src_large":false,"author_info":{"display_name":"Simon Riffou","author_link":"https:\/\/amacorprintz.com\/fr\/author\/zzriff-nimda-15\/"},"comment_info":0,"_links":{"self":[{"href":"https:\/\/amacorprintz.com\/fr\/wp-json\/wp\/v2\/pages\/40564","targetHints":{"allow":["GET"]}}],"collection":[{"href":"https:\/\/amacorprintz.com\/fr\/wp-json\/wp\/v2\/pages"}],"about":[{"href":"https:\/\/amacorprintz.com\/fr\/wp-json\/wp\/v2\/types\/page"}],"author":[{"embeddable":true,"href":"https:\/\/amacorprintz.com\/fr\/wp-json\/wp\/v2\/users\/1595"}],"replies":[{"embeddable":true,"href":"https:\/\/amacorprintz.com\/fr\/wp-json\/wp\/v2\/comments?post=40564"}],"version-history":[{"count":1,"href":"https:\/\/amacorprintz.com\/fr\/wp-json\/wp\/v2\/pages\/40564\/revisions"}],"predecessor-version":[{"id":42091,"href":"https:\/\/amacorprintz.com\/fr\/wp-json\/wp\/v2\/pages\/40564\/revisions\/42091"}],"wp:attachment":[{"href":"https:\/\/amacorprintz.com\/fr\/wp-json\/wp\/v2\/media?parent=40564"}],"curies":[{"name":"wp","href":"https:\/\/api.w.org\/{rel}","templated":true}]}}